{"id":6880,"date":"2017-04-21T14:32:54","date_gmt":"2017-04-21T14:32:54","guid":{"rendered":"http:\/\/mediclinic.mikado-themes.com\/?page_id=6880"},"modified":"2021-03-01T20:50:11","modified_gmt":"2021-03-01T20:50:11","slug":"servicos-2","status":"publish","type":"page","link":"https:\/\/mcmedocupacional.com.br\/site\/servicos-2\/","title":{"rendered":"Servi\u00e7os"},"content":{"rendered":"<p>[vc_row row_content_width=&#8221;grid&#8221; css=&#8221;.vc_custom_1614547981680{padding-top: 30px !important;}&#8221; simple_background_color=&#8221;#fafafa&#8221;][vc_column offset=&#8221;vc_col-lg-6 vc_col-xs-12&#8243;]<div class=\"mkdf-section-title-holder mkdf-st-standard mkdf-st-title-left mkdf-st-normal-space mkdf-st-disable-title-break\" >\n\t<div class=\"mkdf-st-inner\">\n\t\t\t\t\t<h2 class=\"mkdf-st-title\" >\n\t\t\t\t<span class=\"mkdf-st-title-light\">Exames<\/span> <span class=\"mkdf-st-title-light\">M\u00e9dicos<\/span> <span class=\"mkdf-st-title-light\">\/<\/span> <span class=\"mkdf-st-title-light\">ASO<\/span><br \/>\t\t\t<\/h2>\n\t\t\t\t\t<\/div>\n<\/div>[vc_column_text]<strong>O que \u00e9 ASO?<\/strong><\/p>\n<p>\u00c9 o atestado de sa\u00fade ocupacional, documento que o m\u00e9dico do trabalho emite ap\u00f3s realizar o exame cl\u00ednico ocupacional.<\/p>\n<p>&nbsp;<\/p>\n<p><strong>Para que serve o ASO?<\/strong><\/p>\n<p>\u00c9 o documento legal, assinado pelo m\u00e9dico do trabalho que mostrar\u00e1 se o trabalhador est\u00e1 apto ou n\u00e3o para exercer suas atividades ou se poder\u00e1 ser desligado da empresa.<\/p>\n<p><strong>Algumas informa\u00e7\u00f5es sobre os exames:<\/strong>[\/vc_column_text][\/vc_column][\/vc_row][vc_row row_content_width=&#8221;grid&#8221; css=&#8221;.vc_custom_1614547951932{padding-top: 30px !important;padding-bottom: 10px !important;}&#8221;][vc_column offset=&#8221;vc_col-md-4 vc_col-xs-12&#8243;][vc_single_image image=&#8221;9666&#8243; img_size=&#8221;full&#8221; alignment=&#8221;center&#8221;][vc_empty_space height=&#8221;15px&#8221;][vc_column_text]<\/p>\n<h3>Exames Admissionais<\/h3>\n<p>[\/vc_column_text][vc_column_text]O exame m\u00e9dico admissional dever\u00e1 ser realizado antes da contrata\u00e7\u00e3o do colaborador, visando avaliar suas aptid\u00f5es f\u00edsicas e mentais, de maneira a verificar se o mesmo est\u00e1 apto para a fun\u00e7\u00e3o desejada e se o exerc\u00edcio da fun\u00e7\u00e3o pretendida n\u00e3o trar\u00e1 agravos \u00e0 sa\u00fade do mesmo.[\/vc_column_text][vc_empty_space height=&#8221;25px&#8221;][\/vc_column][vc_column offset=&#8221;vc_col-md-4 vc_col-xs-12&#8243;][vc_single_image image=&#8221;9667&#8243; img_size=&#8221;full&#8221; alignment=&#8221;center&#8221;][vc_empty_space height=&#8221;15px&#8221;][vc_column_text]<\/p>\n<h3>Exames Demissionais<\/h3>\n<p>[\/vc_column_text][vc_column_text]O exame m\u00e9dico demissional dever\u00e1 ser realizado at\u00e9 a data da homologa\u00e7\u00e3o, e consiste em an\u00e1lise cl\u00ednica ocupacional seguido de exame cl\u00ednico, para avaliar as condi\u00e7\u00f5es f\u00edsicas e mentais do colaborador e observar se ocorreu algum agravo a sa\u00fade do mesmo no per\u00edodo em que este trabalhou na empresa em decorr\u00eancia do trabalho desempenhado.[\/vc_column_text][vc_empty_space height=&#8221;25px&#8221;][\/vc_column][vc_column offset=&#8221;vc_col-md-4 vc_col-xs-12&#8243;][vc_single_image image=&#8221;9668&#8243; img_size=&#8221;full&#8221; alignment=&#8221;center&#8221;][vc_empty_space height=&#8221;15px&#8221;][vc_column_text]<\/p>\n<h3>Exames Peri\u00f3dicos<\/h3>\n<p>[\/vc_column_text][vc_column_text]O exame m\u00e9dico peri\u00f3dico dever\u00e1 ser realizado em tempos pr\u00e9-determinados para todos os colaboradores da empresa.<br \/>\nAs periodicidades ser\u00e3o maiores ou menores a depender dos riscos ocupacionais existentes no ambiente de trabalho. Tamb\u00e9m poder\u00e3o ser reduzidos nos casos em que alguma patologia, de origem ocupacional ou n\u00e3o, tenha sido detectada.[\/vc_column_text][vc_empty_space height=&#8221;25px&#8221;][\/vc_column][\/vc_row][vc_row row_content_width=&#8221;grid&#8221; css=&#8221;.vc_custom_1494254790915{padding-top: 100px !important;padding-bottom: 40px !important;}&#8221;][vc_column offset=&#8221;vc_col-md-4 vc_col-xs-12&#8243;][vc_single_image image=&#8221;9672&#8243; img_size=&#8221;full&#8221; alignment=&#8221;center&#8221;][vc_empty_space height=&#8221;15px&#8221;][vc_column_text]<\/p>\n<h3>Retorno ao Trabalho<\/h3>\n<p>[\/vc_column_text][vc_column_text]O exame m\u00e9dico de retorno ao trabalho dever\u00e1 ser realizado em situa\u00e7\u00f5es nas quais o colaborador permane\u00e7a afastado do servi\u00e7o por per\u00edodo igual ou superior a 30 dias, por motivo de doen\u00e7a ou acidente, de natureza ocupacional ou n\u00e3o ou ainda no retorno ao trabalho ap\u00f3s o parto.[\/vc_column_text][vc_empty_space height=&#8221;25px&#8221;][\/vc_column][vc_column offset=&#8221;vc_col-md-4 vc_col-xs-12&#8243;][vc_single_image image=&#8221;9671&#8243; img_size=&#8221;full&#8221; alignment=&#8221;center&#8221;][vc_empty_space height=&#8221;15px&#8221;][vc_column_text]<\/p>\n<h3>Mudan\u00e7a de Fun\u00e7\u00e3o<\/h3>\n<p>[\/vc_column_text][vc_column_text]O exame m\u00e9dico de mudan\u00e7a de fun\u00e7\u00e3o dever\u00e1 ser realizado sempre o colaborador for transferido de fun\u00e7\u00e3o ou setor , desde que haja altera\u00e7\u00e3o nos riscos ocupacionais que o mesmo venha a se expor. Este exame visa avaliar se o colaborador possui a aptid\u00e3o necess\u00e1ria para exercer a nova fun\u00e7\u00e3o.[\/vc_column_text][vc_empty_space height=&#8221;25px&#8221;][\/vc_column][vc_column offset=&#8221;vc_col-md-4 vc_col-xs-12&#8243;][vc_single_image image=&#8221;9673&#8243; img_size=&#8221;full&#8221; alignment=&#8221;center&#8221;][vc_empty_space height=&#8221;15px&#8221;][vc_column_text]<\/p>\n<h3>Treinamentos<\/h3>\n<p>[\/vc_column_text][vc_column_text]<\/p>\n<ul>\n<li>Treinamento para EPI<\/li>\n<li>Treinamento CIPA<\/li>\n<li>Treinamento NR 35<\/li>\n<li>Treinamento NR 23<\/li>\n<li>Treinamento NR 11<\/li>\n<li>Treinamento NR 10<\/li>\n<li>Treinamento Espa\u00e7o Confinado<\/li>\n<li>Treinamento Primeiros Socorros<\/li>\n<\/ul>\n<p>[\/vc_column_text][vc_empty_space height=&#8221;25px&#8221;][\/vc_column][\/vc_row][vc_row css=&#8221;.vc_custom_1614549322276{padding-top: 15px !important;padding-bottom: 15px !important;}&#8221;][vc_column][vc_zigzag][\/vc_column][\/vc_row][vc_row row_content_width=&#8221;grid&#8221; css=&#8221;.vc_custom_1614548100499{padding-top: 82px !important;}&#8221; simple_background_color=&#8221;#fafafa&#8221;][vc_column offset=&#8221;vc_col-lg-6 vc_col-xs-12&#8243;]<div class=\"mkdf-section-title-holder mkdf-st-standard mkdf-st-title-left mkdf-st-normal-space mkdf-st-disable-title-break\" >\n\t<div class=\"mkdf-st-inner\">\n\t\t\t\t\t<h2 class=\"mkdf-st-title\" >\n\t\t\t\t<span class=\"mkdf-st-title-light\">PCMSO<\/span> <span class=\"mkdf-st-title-light\"><\/span> <span class=\"mkdf-st-title-light\"><\/span> <span class=\"mkdf-st-title-light\"><\/span><br \/>\t\t\t<\/h2>\n\t\t\t\t\t<\/div>\n<\/div>[vc_column_text]<strong>O que \u00e9 PCMSO?<\/strong><\/p>\n<p>O PCMSO \u2013 Programa de Controle M\u00e9dico de Sa\u00fade Ocupacional \u2013 \u00e9 uma lei que faz parte da legisla\u00e7\u00e3o trabalhista criada na d\u00e9cada de 90, trata sobre os exames m\u00e9dicos para monitorar a sa\u00fade dos colaboradores.<\/p>\n<p>&nbsp;<\/p>\n<p><strong>Qual o objetivo do PCMSO?<\/strong><\/p>\n<p>Coletar dados atrav\u00e9s dos exames peri\u00f3dicos que fazem parte do PCMSO, que demonstrem possibilidade de risco para algum colaborador, e desta forma, prevenir ou tratar doen\u00e7as ocupacionais que possam causar danos \u00e0 sa\u00fade.<\/p>\n<p>&nbsp;<\/p>\n<p><strong>Por que \u00e9 bom para empresa?<\/strong><\/p>\n<p>A implanta\u00e7\u00e3o do PCMSO tamb\u00e9m previne futuros processos judiciais c\u00edveis, trabalhistas e previdenci\u00e1rios, pois evita o surgimento de doen\u00e7as ocupacionais e acidentes de trabalho.<\/p>\n<p>&nbsp;<\/p>\n<p><strong>Sou mesmo obrigado a fazer?<\/strong><\/p>\n<p>Todas as empresas, por lei, devem ter um PCMSO definido por profissionais da seguran\u00e7a da Medicina Ocupacional.[\/vc_column_text][vc_empty_space height=&#8221;12px&#8221;][\/vc_column][vc_column offset=&#8221;vc_col-lg-6 vc_col-xs-12&#8243; css=&#8221;.vc_custom_1494232545525{margin-top: -70px !important;}&#8221;]<div class=\"mkdf-elements-holder mkdf-one-column mkdf-responsive-mode-768\" ><div class=\"mkdf-eh-item \"  data-item-class=\"mkdf-eh-custom-604459\" data-1280-1600=\"40px 0px 0px\" data-1024-1280=\"100px 0px 0px\" data-768-1024=\"60px 0px 0px\" data-600-768=\"0px\" data-480-600=\"0px\" data-480=\"0px\">\n\t<div class=\"mkdf-eh-item-inner\">\n\t\t<div class=\"mkdf-eh-item-content mkdf-eh-custom-604459\" >\n\t\t\t[vc_single_image image=&#8221;9675&#8243; img_size=&#8221;full&#8221; alignment=&#8221;center&#8221;]\t\t<\/div>\n\t<\/div>\n<\/div><\/div>[\/vc_column][\/vc_row][vc_row css=&#8221;.vc_custom_1614549322276{padding-top: 15px !important;padding-bottom: 15px !important;}&#8221;][vc_column][vc_zigzag][\/vc_column][\/vc_row][vc_row row_content_width=&#8221;grid&#8221; css=&#8221;.vc_custom_1494254806818{padding-top: 82px !important;}&#8221; simple_background_color=&#8221;#fafafa&#8221;][vc_column offset=&#8221;vc_col-lg-6 vc_col-xs-12&#8243;]<div class=\"mkdf-elements-holder mkdf-one-column mkdf-responsive-mode-768\" ><div class=\"mkdf-eh-item \"  data-item-class=\"mkdf-eh-custom-318875\" data-1280-1600=\"40px 0px 0px\" data-1024-1280=\"100px 0px 0px\" data-768-1024=\"60px 0px 0px\" data-600-768=\"0px\" data-480-600=\"0px\" data-480=\"0px\">\n\t<div class=\"mkdf-eh-item-inner\">\n\t\t<div class=\"mkdf-eh-item-content mkdf-eh-custom-318875\" >\n\t\t\t[vc_single_image image=&#8221;9680&#8243; img_size=&#8221;full&#8221; alignment=&#8221;center&#8221;]\t\t<\/div>\n\t<\/div>\n<\/div><\/div>[vc_empty_space height=&#8221;12px&#8221;][\/vc_column][vc_column offset=&#8221;vc_col-lg-6 vc_col-xs-12&#8243; css=&#8221;.vc_custom_1494232545525{margin-top: -70px !important;}&#8221;]<div class=\"mkdf-section-title-holder mkdf-st-standard mkdf-st-title-left mkdf-st-normal-space mkdf-st-disable-title-break\" >\n\t<div class=\"mkdf-st-inner\">\n\t\t\t\t\t<h2 class=\"mkdf-st-title\" >\n\t\t\t\t<span class=\"mkdf-st-title-light\">Exames<\/span> <span class=\"mkdf-st-title-light\">Complementares<\/span> <span class=\"mkdf-st-title-light\"><\/span> <span class=\"mkdf-st-title-light\"><\/span><br \/>\t\t\t<\/h2>\n\t\t\t\t\t<\/div>\n<\/div>[vc_column_text]Os exames necess\u00e1rios para auxiliar em diagn\u00f3sticos e avalia\u00e7\u00f5es e que pode variar de acordo com cada colaborador por casa de sua fun\u00e7\u00e3o ou atividade s\u00e3o muito importantes na sa\u00fade ocupacional para auxiliar na preven\u00e7\u00e3o e detectar doen\u00e7as em sua fase inicial ou at\u00e9 mesmo quando j\u00e1 implantada.<\/p>\n<p>A MCMED realiza todo o qualquer exame que venha a ser necess\u00e1rio para sua empresa, alguns deles s\u00e3o:<\/p>\n<ul>\n<li>Audiometria;<\/li>\n<li>Espirometria;<\/li>\n<li>Eletrocardiograma;<\/li>\n<li>Eletroencefalograma;<\/li>\n<li>Acuidade Visual;<\/li>\n<li>Exames Laboratoriais;<\/li>\n<li>Avalia\u00e7\u00e3o Psicol\u00f3gica.<\/li>\n<\/ul>\n<p>[\/vc_column_text][\/vc_column][\/vc_row][vc_row css=&#8221;.vc_custom_1614549322276{padding-top: 15px !important;padding-bottom: 15px !important;}&#8221;][vc_column][vc_zigzag][\/vc_column][\/vc_row][vc_row row_content_width=&#8221;grid&#8221; css=&#8221;.vc_custom_1494254806818{padding-top: 82px !important;}&#8221; simple_background_color=&#8221;#fafafa&#8221;][vc_column offset=&#8221;vc_col-lg-6 vc_col-xs-12&#8243;]<div class=\"mkdf-section-title-holder mkdf-st-standard mkdf-st-title-left mkdf-st-normal-space mkdf-st-disable-title-break\" >\n\t<div class=\"mkdf-st-inner\">\n\t\t\t\t\t<h2 class=\"mkdf-st-title\" >\n\t\t\t\t<span class=\"mkdf-st-title-light\">Ergonomia<\/span> <span class=\"mkdf-st-title-light\">-<\/span> <span class=\"mkdf-st-title-light\">NR17<\/span> <span class=\"mkdf-st-title-light\"><\/span><br \/>\t\t\t<\/h2>\n\t\t\t\t\t<\/div>\n<\/div>[vc_column_text]A ergonomia pode ser definida como a ci\u00eancia que estuda a integra\u00e7\u00e3o entre o homem e o ambiente no qual ele est\u00e1 inserido, em especial no nosso caso, o ambiente de trabalho. Foi criada no intuito de adaptar o posto de trabalho e as ferramentas \u00e0s necessidades do ser humano, e n\u00e3o o contr\u00e1rio.<\/p>\n<p>Na maioria dos ambientes de trabalho, podem ser realizadas interven\u00e7\u00f5es ergon\u00f4micas para melhorar significativamente a efici\u00eancia, produtividade, seguran\u00e7a e sa\u00fade nos postos de trabalho.<\/p>\n<p>Entre os benef\u00edcios de um ambiente ergonomicamente correto, est\u00e3o a redu\u00e7\u00e3o do stress f\u00edsicos nas articula\u00e7\u00f5es, m\u00fasculos, nervos, tend\u00f5es e ossos, al\u00e9m de preven\u00e7\u00e3o de dist\u00farbios mentais, visuais, auditivos, entre outros.<\/p>\n<p>De forma geral, pode-se dizer que a Ergonomia usa os conhecimentos adquiridos das habilidades e capacidades humanas e estuda as limita\u00e7\u00f5es dos sistemas, organiza\u00e7\u00f5es, atividades, m\u00e1quinas, ferramentas para torn\u00e1-los mais seguros, eficientes, e confort\u00e1veis para uso humano. A obrigatoriedade do estudo das condi\u00e7\u00f5es ergon\u00f4micas do trabalho \u00e9 dada pela NR 17.<\/p>\n<p>Esta Norma Regulamentadora visa a estabelecer par\u00e2metros que permitam a adapta\u00e7\u00e3o das condi\u00e7\u00f5es de trabalho \u00e0s caracter\u00edsticas psicofisiol\u00f3gicas dos trabalhadores, de modo a proporcionar um m\u00e1ximo de conforto, seguran\u00e7a e desempenho eficiente.<\/p>\n<p>As condi\u00e7\u00f5es de trabalho incluem aspectos relacionados ao levantamento, transporte e descarga de materiais, ao mobili\u00e1rio, aos equipamentos e \u00e0s condi\u00e7\u00f5es ambientais do posto de trabalho, e \u00e0 pr\u00f3pria\u00a0<strong>Organiza\u00e7\u00e3o do trabalho.<\/strong><\/p>\n<p>Para avaliar a adapta\u00e7\u00e3o das condi\u00e7\u00f5es de trabalho \u00e0s caracter\u00edsticas psicofisiol\u00f3gicas dos trabalhadores, cabe ao empregador realizar a an\u00e1lise ergon\u00f4mica do trabalho, devendo a mesma abordar, no m\u00ednimo, as condi\u00e7\u00f5es de trabalho, conforme estabelecido na NR-17.[\/vc_column_text][vc_empty_space height=&#8221;12px&#8221;][\/vc_column][vc_column offset=&#8221;vc_col-lg-6 vc_col-xs-12&#8243; css=&#8221;.vc_custom_1494232545525{margin-top: -70px !important;}&#8221;]<div class=\"mkdf-elements-holder mkdf-one-column mkdf-responsive-mode-768\" ><div class=\"mkdf-eh-item \"  data-item-class=\"mkdf-eh-custom-462268\" data-1280-1600=\"40px 0px 0px\" data-1024-1280=\"100px 0px 0px\" data-768-1024=\"60px 0px 0px\" data-600-768=\"0px\" data-480-600=\"0px\" data-480=\"0px\">\n\t<div class=\"mkdf-eh-item-inner\">\n\t\t<div class=\"mkdf-eh-item-content mkdf-eh-custom-462268\" >\n\t\t\t[vc_single_image image=&#8221;9682&#8243; img_size=&#8221;full&#8221; alignment=&#8221;center&#8221;]\t\t<\/div>\n\t<\/div>\n<\/div><\/div>[\/vc_column][\/vc_row][vc_row css=&#8221;.vc_custom_1614549322276{padding-top: 15px !important;padding-bottom: 15px !important;}&#8221;][vc_column][vc_zigzag][\/vc_column][\/vc_row][vc_row row_content_width=&#8221;grid&#8221; css=&#8221;.vc_custom_1494254806818{padding-top: 82px !important;}&#8221; simple_background_color=&#8221;#fafafa&#8221;][vc_column offset=&#8221;vc_col-lg-6 vc_col-xs-12&#8243;]<div class=\"mkdf-section-title-holder mkdf-st-standard mkdf-st-title-left mkdf-st-normal-space mkdf-st-disable-title-break\" >\n\t<div class=\"mkdf-st-inner\">\n\t\t\t\t\t<h2 class=\"mkdf-st-title\" >\n\t\t\t\t<span class=\"mkdf-st-title-light\">PPRA<\/span> <span class=\"mkdf-st-title-light\">-<\/span> <span class=\"mkdf-st-title-light\">Programa<\/span> <span class=\"mkdf-st-title-light\">de<\/span><br \/> preven\u00e7\u00e3o de riscos ambientais - (PGR)\t\t\t<\/h2>\n\t\t\t\t\t<\/div>\n<\/div>[vc_column_text]<\/p>\n<h3>Algumas informa\u00e7\u00f5es sobre o PPRA<\/h3>\n<p><strong>O que \u00e9 PPRA?<\/strong><\/p>\n<p>O PPRA \u2013 Programa de Preven\u00e7\u00e3o dos Riscos Ambientais \u2013 \u00e9 uma lei que faz parte da legisla\u00e7\u00e3o trabalhista criada na d\u00e9cada de 90.<\/p>\n<p><strong>Qual o objetivo do PPRA?<\/strong><\/p>\n<p>O PPRA tem como objetivo estabelecer a\u00e7\u00f5es que garantam a preserva\u00e7\u00e3o da sa\u00fade e integridade dos trabalhadores, identificando os riscos existentes em seu ambiente de trabalho.<\/p>\n<p><strong>Por que \u00e9 bom para as empresas?<\/strong><\/p>\n<p>Esse \u00e9 um documento prevencionista.<\/p>\n<p><strong>O que s\u00e3o Riscos Ambientais?<\/strong><\/p>\n<p>Riscos Ambientais s\u00e3o aqueles causados por agentes biol\u00f3gicos, f\u00edsicos ou qu\u00edmicos que, presentes no ambiente de trabalho, podem ocasionar danos \u00e0 sa\u00fade do trabalhador por causa de sua natureza, concentra\u00e7\u00e3o, intensidade ou tempo de exposi\u00e7\u00e3o.<\/p>\n<p><strong>O que pode ser um risco?<\/strong><\/p>\n<p><strong>Agentes biol\u00f3gicos:<\/strong>\u00a0bact\u00e9rias, fungos, bacilos, parasitas, protozo\u00e1rios, v\u00edrus, entre outros.<br \/>\n<strong>Agentes f\u00edsicos:<\/strong>\u00a0ru\u00eddo, vibra\u00e7\u00f5es, press\u00f5es anormais, temperaturas extremas, radia\u00e7\u00f5es etc.<br \/>\n<strong>Agentes qu\u00edmicos:<\/strong>\u00a0poeiras, fumos, n\u00e9voas, neblinas, gases, vapores que podem ser absorvidos por via respirat\u00f3ria ou atrav\u00e9s da pele etc.<\/p>\n<p><strong>Sou mesmo obrigado a fazer?<\/strong><\/p>\n<p>Todas as empresas, por lei, devem ter um PPRA definido por profissionais da seguran\u00e7a do trabalho ou da medicina ocupacional, assegurando que durante o expediente, existem regras estabelecidas para evitar qualquer tipo de acidente.[\/vc_column_text][vc_empty_space height=&#8221;12px&#8221;][\/vc_column][vc_column offset=&#8221;vc_col-lg-6 vc_col-xs-12&#8243; css=&#8221;.vc_custom_1494232545525{margin-top: -70px !important;}&#8221;][vc_empty_space height=&#8221;69px&#8221;]<div class=\"mkdf-section-title-holder mkdf-st-standard mkdf-st-title-left mkdf-st-normal-space mkdf-st-disable-title-break\" >\n\t<div class=\"mkdf-st-inner\">\n\t\t\t\t\t<h2 class=\"mkdf-st-title\" >\n\t\t\t\t<span class=\"mkdf-st-title-light\">LTCAT<\/span> <span class=\"mkdf-st-title-light\">-<\/span> <span class=\"mkdf-st-title-light\">Laudo<\/span> <span class=\"mkdf-st-title-light\">t\u00e9cnico<\/span><br \/> das condi\u00e7\u00f5es ambientais de trabalho\t\t\t<\/h2>\n\t\t\t\t\t<\/div>\n<\/div>[vc_column_text]<\/p>\n<h3>Algumas informa\u00e7\u00f5es sobre o LTCAT<\/h3>\n<p><strong>O que \u00e9 LTCAT?<\/strong><\/p>\n<p>O LTCAT \u2013 Laudo T\u00e9cnico das Condi\u00e7\u00f5es Ambientais do Trabalho \u2013 \u00e9 um documento que atesta os agentes nocivos existentes no ambiente de trabalho e sinaliza se eles podem gerar insalubridade para os trabalhadores expostos.<\/p>\n<p>&nbsp;<\/p>\n<p><strong>Sou obrigado a fazer?<\/strong><\/p>\n<p>A comprova\u00e7\u00e3o da efetiva exposi\u00e7\u00e3o do segurado aos agentes nocivos ser\u00e1 feita mediante formul\u00e1rio, na forma estabelecida pelo INSS, emitido pela empresa ou seu preposto, com base em laudo t\u00e9cnico de condi\u00e7\u00f5es ambientais do trabalho expedido por m\u00e9dico do trabalho ou engenheiro de seguran\u00e7a do trabalho.<\/p>\n<p>&nbsp;<\/p>\n<p><strong>Para que serve?<\/strong><\/p>\n<p>\u00c9 um comprovante de que o trabalhador esteve exposto a determinados riscos ambientais durante o per\u00edodo de perman\u00eancia na empresa. \u00c9 a partir dele que \u00e9 determinada a necessidade ou n\u00e3o da aposentadoria especial pelo INSS.<\/p>\n<p>&nbsp;<\/p>\n<p><strong>Quando deve ser feito?<\/strong><\/p>\n<p>O mesmo, deve ser atualizado sempre que ocorrer altera\u00e7\u00f5es no ambiente de trabalho. Lembrando que o mesmo n\u00e3o substitui nenhum dos programas como o PPRA, PCMSO, PCMAT ou PGR, o LTCAT \u00e9 um documento regulamentado pela Previd\u00eancia Social, sem for\u00e7a substitutiva para um documento sugestionado pelo Minist\u00e9rio do Trabalho.<\/p>\n<p>&nbsp;<\/p>\n<p><strong>Quem pode elaborar?<\/strong><\/p>\n<p>De acordo com o \u00a7 1\u00ba do art. 58 da Lei 8213\/91 o LTCAT deve ser expedido pelo m\u00e9dico do trabalho ou engenheiro de seguran\u00e7a do trabalho, devidamente habilitados.[\/vc_column_text][\/vc_column][\/vc_row][vc_row css=&#8221;.vc_custom_1614549322276{padding-top: 15px !important;padding-bottom: 15px !important;}&#8221;][vc_column][vc_zigzag][\/vc_column][\/vc_row][vc_row simple_background_color=&#8221;#fafafa&#8221; css=&#8221;.vc_custom_1494254864989{padding-top: 100px !important;padding-bottom: 90px !important;}&#8221;][vc_column]<div class=\"mkdf-testimonials-holder mkdf-testimonials-slider mkdf-testimonials-dark mkdf-testimonials-navigation clearfix\"><div class=\"mkdf-testimonials-inner\" ><div class=\"mkdf-grid\"><div class=\"mkdf-tes-image-nav\">\n            <div class=\"mkdf-tes-image-single\">\n                <span class=\"mkdf-tes-image-holder\">\n                    <img width=\"100\" height=\"100\" src=\"https:\/\/mcmedocupacional.com.br\/site\/wp-content\/uploads\/2017\/04\/h10-testimonials-3.png\" class=\"attachment-post-thumbnail size-post-thumbnail wp-post-image\" alt=\"a\" loading=\"lazy\" \/>                <\/span>\n            <\/div>\n                <div class=\"mkdf-tes-image-single\">\n                <span class=\"mkdf-tes-image-holder\">\n                    <img width=\"100\" height=\"100\" src=\"https:\/\/mcmedocupacional.com.br\/site\/wp-content\/uploads\/2017\/04\/h10-testimonials-2.png\" class=\"attachment-post-thumbnail size-post-thumbnail wp-post-image\" alt=\"a\" loading=\"lazy\" \/>                <\/span>\n            <\/div>\n                <div class=\"mkdf-tes-image-single\">\n                <span class=\"mkdf-tes-image-holder\">\n                    <img width=\"100\" height=\"100\" src=\"https:\/\/mcmedocupacional.com.br\/site\/wp-content\/uploads\/2017\/04\/h10-testimonials-1.png\" class=\"attachment-post-thumbnail size-post-thumbnail wp-post-image\" alt=\"a\" loading=\"lazy\" \/>                <\/span>\n            <\/div>\n        <\/div><div class=\"  mkdf-testimonials-slider mkdf-testimonials-dark mkdf-testimonials-navigation clearfix mkdf-owl-testimonials\" data-number-of-items=\"1\" data-enable-loop=\"yes\" data-enable-autoplay=\"yes\" data-slider-speed=\"5000\" data-slider-speed-animation=\"600\" data-enable-navigation=\"yes\" data-enable-pagination=\"yes\" ><div id=\"mkdf-testimonials5554\" class=\"mkdf-testimonial-content\">\n\n\t<div class=\"mkdf-testimonial-content-inner\">\n\t\t<div class=\"mkdf-testimonial-text-holder\">\n\t\t\t<div class=\"mkdf-testimonial-text-inner mkdf-grid\">\n\t\t\t\t<h5 class=\"mkdf-testimonial-text\">Al\u00e9m de ser r\u00e1pido o atendimento, eles tem um pre\u00e7o atraente, sempre que preciso marco hor\u00e1rio para meus funcion\u00e1rios.<\/h5>\n                <div class=\"mkdf-separator-quote fa fa-quote-right\"><\/div>\n\t\t\t\t\t\t\t\t\t<div class = \"mkdf-testimonial-author\">\n\t\t\t\t\t\t<h5 class=\"mkdf-testimonial-author-text\">Adriana Lopes\t\t\t\t\t\t<\/h5>\n\t\t\t\t\t<\/div>\n\t\t\t\t\t\t\t\t\t\t\t\t\t<h6 class=\"mkdf-testimonial-job-title\">\n\t\t\t\t\t\tEmpres\u00e1ria\t\t\t\t\t<\/h6>\n\t\t\t\t\t\t\t<\/div>\n\n\t\t<\/div>\n\t<\/div>\t\n<\/div>\n<div id=\"mkdf-testimonials5551\" class=\"mkdf-testimonial-content\">\n\n\t<div class=\"mkdf-testimonial-content-inner\">\n\t\t<div class=\"mkdf-testimonial-text-holder\">\n\t\t\t<div class=\"mkdf-testimonial-text-inner mkdf-grid\">\n\t\t\t\t<h5 class=\"mkdf-testimonial-text\">Quando precisei fui bem atendido, meu laudo saiu r\u00e1pido e 100% perfeito. Obrigado!<\/h5>\n                <div class=\"mkdf-separator-quote fa fa-quote-right\"><\/div>\n\t\t\t\t\t\t\t\t\t<div class = \"mkdf-testimonial-author\">\n\t\t\t\t\t\t<h5 class=\"mkdf-testimonial-author-text\">Paulo Domingos\t\t\t\t\t\t<\/h5>\n\t\t\t\t\t<\/div>\n\t\t\t\t\t\t\t\t\t\t\t\t\t<h6 class=\"mkdf-testimonial-job-title\">\n\t\t\t\t\t\tFuncion\u00e1rio aposentado\t\t\t\t\t<\/h6>\n\t\t\t\t\t\t\t<\/div>\n\n\t\t<\/div>\n\t<\/div>\t\n<\/div>\n<div id=\"mkdf-testimonials5549\" class=\"mkdf-testimonial-content\">\n\n\t<div class=\"mkdf-testimonial-content-inner\">\n\t\t<div class=\"mkdf-testimonial-text-holder\">\n\t\t\t<div class=\"mkdf-testimonial-text-inner mkdf-grid\">\n\t\t\t\t<h5 class=\"mkdf-testimonial-text\">Nossa empresa j\u00e1 \u00e9 parceira da McMed h\u00e1 mais de 2 anos e nunca falharam com a agente, perfeitos!!!<\/h5>\n                <div class=\"mkdf-separator-quote fa fa-quote-right\"><\/div>\n\t\t\t\t\t\t\t\t\t<div class = \"mkdf-testimonial-author\">\n\t\t\t\t\t\t<h5 class=\"mkdf-testimonial-author-text\">Edmilson Castro\t\t\t\t\t\t<\/h5>\n\t\t\t\t\t<\/div>\n\t\t\t\t\t\t\t\t\t\t\t\t\t<h6 class=\"mkdf-testimonial-job-title\">\n\t\t\t\t\t\tDiretor\t\t\t\t\t<\/h6>\n\t\t\t\t\t\t\t<\/div>\n\n\t\t<\/div>\n\t<\/div>\t\n<\/div>\n<\/div><\/div><\/div><div class=\"mkdf-tes-nav mkdf-tes-controls\"><span class=\"mkdf-tes-nav-prev\"><span class=\"mkdf-icon-mark\"><\/span><\/span><span class=\"mkdf-tes-nav-next\"><span class=\"mkdf-icon-mark\"><\/span><\/span><\/div><\/div>[\/vc_column][\/vc_row]<\/p>\n","protected":false},"excerpt":{"rendered":"<p>[vc_row row_content_width=&#8221;grid&#8221; css=&#8221;.vc_custom_1614547981680{padding-top: 30px !important;}&#8221; simple_background_color=&#8221;#fafafa&#8221;][vc_column offset=&#8221;vc_col-lg-6 vc_col-xs-12&#8243;][vc_column_text]O que \u00e9 ASO? \u00c9 o atestado de sa\u00fade ocupacional, documento que o m\u00e9dico do trabalho emite ap\u00f3s realizar o exame cl\u00ednico ocupacional. &nbsp; Para que serve o ASO? \u00c9 o documento legal, [&hellip;]<\/p>\n","protected":false},"author":1,"featured_media":0,"parent":0,"menu_order":0,"comment_status":"closed","ping_status":"closed","template":"full-width.php","meta":[],"_links":{"self":[{"href":"https:\/\/mcmedocupacional.com.br\/site\/wp-json\/wp\/v2\/pages\/6880"}],"collection":[{"href":"https:\/\/mcmedocupacional.com.br\/site\/wp-json\/wp\/v2\/pages"}],"about":[{"href":"https:\/\/mcmedocupacional.com.br\/site\/wp-json\/wp\/v2\/types\/page"}],"author":[{"embeddable":true,"href":"https:\/\/mcmedocupacional.com.br\/site\/wp-json\/wp\/v2\/users\/1"}],"replies":[{"embeddable":true,"href":"https:\/\/mcmedocupacional.com.br\/site\/wp-json\/wp\/v2\/comments?post=6880"}],"version-history":[{"count":17,"href":"https:\/\/mcmedocupacional.com.br\/site\/wp-json\/wp\/v2\/pages\/6880\/revisions"}],"predecessor-version":[{"id":9715,"href":"https:\/\/mcmedocupacional.com.br\/site\/wp-json\/wp\/v2\/pages\/6880\/revisions\/9715"}],"wp:attachment":[{"href":"https:\/\/mcmedocupacional.com.br\/site\/wp-json\/wp\/v2\/media?parent=6880"}],"curies":[{"name":"wp","href":"https:\/\/api.w.org\/{rel}","templated":true}]}}